{"id":12,"date":"2014-02-20T17:36:40","date_gmt":"2014-02-20T15:36:40","guid":{"rendered":"http:\/\/linnanmaa.fi\/\/?page_id=12"},"modified":"2017-01-21T15:39:48","modified_gmt":"2017-01-21T13:39:48","slug":"kerhotilat","status":"publish","type":"page","link":"https:\/\/linnanmaa.fi\/?page_id=12","title":{"rendered":"Kerhotilat"},"content":{"rendered":"<p style=\"text-align: justify;\">Asukkaiden k\u00e4yt\u00f6ss\u00e4 on erilaisia kerhotiloja, jotka sijaitsevat ymp\u00e4ri Linnanmaata. Useimpiin tiloihin p\u00e4\u00e4syyn vaaditaan avain, jonka voi lainata kerhotilasta vastaavalta asukastoimikunnan j\u00e4senelt\u00e4. Kerhotilojen k\u00e4ytt\u00f6 on maksutonta ellei erikseen toisin mainita.<\/p>\n<p style=\"text-align: justify;\">Kerhotilojen k\u00e4ytt\u00e4j\u00e4 sitoutuu noudattamaan j\u00e4rjestyss\u00e4\u00e4nt\u00f6j\u00e4, joiden mukaan hiljaisuus alkaa kello 22.00. Tilat on my\u00f6s siivottava l\u00e4htiess\u00e4\u00e4n samaan kuntoon kuin ne olivat paikalle tullessa.<\/p>\n<p style=\"text-align: justify;\"><strong>Lemmikkiel\u00e4inten tuominen kerhotiloihin on ehdottomasti kielletty\u00e4!<\/strong> Haluamme, ett\u00e4 my\u00f6s allergiset asukkaat pystyv\u00e4t turvallisin mielin k\u00e4ytt\u00e4m\u00e4\u00e4n alueemme kerhohuoneita.<\/p>\n<p style=\"text-align: justify;\">Hankinta- ja parannusehdotuksia voi j\u00e4tt\u00e4\u00e4 kerhohuonevastaavalle.<\/p>\n","protected":false},"excerpt":{"rendered":"<p>Asukkaiden k\u00e4yt\u00f6ss\u00e4 on erilaisia kerhotiloja, jotka sijaitsevat ymp\u00e4ri Linnanmaata. Useimpiin tiloihin p\u00e4\u00e4syyn vaaditaan avain, jonka voi lainata kerhotilasta vastaavalta asukastoimikunnan j\u00e4senelt\u00e4. Kerhotilojen k\u00e4ytt\u00f6 on maksutonta ellei erikseen toisin mainita. Kerhotilojen k\u00e4ytt\u00e4j\u00e4 sitoutuu noudattamaan j\u00e4rjestyss\u00e4\u00e4nt\u00f6j\u00e4, joiden mukaan hiljaisuus alkaa kello 22.00. Tilat on my\u00f6s siivottava l\u00e4htiess\u00e4\u00e4n samaan kuntoon kuin ne olivat paikalle tullessa. Lemmikkiel\u00e4inten tuominen kerhotiloihin &hellip; <a href=\"https:\/\/linnanmaa.fi\/?page_id=12\" class=\"more-link\">Jatka lukemista <span class=\"screen-reader-text\">Kerhotilat<\/span> <span class=\"meta-nav\">&rarr;<\/span><\/a><\/p>\n","protected":false},"author":4,"featured_media":0,"parent":0,"menu_order":1,"comment_status":"closed","ping_status":"open","template":"","meta":{"footnotes":""},"class_list":["post-12","page","type-page","status-publish","hentry"],"_links":{"self":[{"href":"https:\/\/linnanmaa.fi\/index.php?rest_route=\/wp\/v2\/pages\/12","targetHints":{"allow":["GET"]}}],"collection":[{"href":"https:\/\/linnanmaa.fi\/index.php?rest_route=\/wp\/v2\/pages"}],"about":[{"href":"https:\/\/linnanmaa.fi\/index.php?rest_route=\/wp\/v2\/types\/page"}],"author":[{"embeddable":true,"href":"https:\/\/linnanmaa.fi\/index.php?rest_route=\/wp\/v2\/users\/4"}],"replies":[{"embeddable":true,"href":"https:\/\/linnanmaa.fi\/index.php?rest_route=%2Fwp%2Fv2%2Fcomments&post=12"}],"version-history":[{"count":3,"href":"https:\/\/linnanmaa.fi\/index.php?rest_route=\/wp\/v2\/pages\/12\/revisions"}],"predecessor-version":[{"id":15,"href":"https:\/\/linnanmaa.fi\/index.php?rest_route=\/wp\/v2\/pages\/12\/revisions\/15"}],"wp:attachment":[{"href":"https:\/\/linnanmaa.fi\/index.php?rest_route=%2Fwp%2Fv2%2Fmedia&parent=12"}],"curies":[{"name":"wp","href":"https:\/\/api.w.org\/{rel}","templated":true}]}}