{"id":17,"date":"2014-02-20T17:42:41","date_gmt":"2014-02-20T15:42:41","guid":{"rendered":"http:\/\/linnanmaa.fi\/\/?page_id=17"},"modified":"2021-04-11T14:48:03","modified_gmt":"2021-04-11T11:48:03","slug":"paavo-havaksen-tie-5an-punttisali","status":"publish","type":"page","link":"https:\/\/linnanmaa.fi\/?page_id=17","title":{"rendered":"Paavo Havaksen tie 5 A: punttisali"},"content":{"rendered":"<p style=\"text-align: justify;\">Huoneessa penkki, talja sek\u00e4 erikokoisia tankoja ja painoja. Punttisalille saa avaimen PSOAS Loungesta (Paavo Havaksen tie 5, yhdysk\u00e4yt\u00e4v\u00e4) 30 \u20ac:n panttimaksua vastaan.<\/p>\n<p><strong>Kerhotilavastaavat:<\/strong><br \/>\n<div class=\"wrap pdb-list pdb-instance-1 participants-database\" id=\"participants-list-1\">\n    \n\n    <style type=\"text\/css\">\n    .pdb-list section {\n      margin: 1.5em 0;\n    }\n    .pdb-field-title {\n      font-weight: bold;\n      padding-right: 15px;\n    }\n    .pdb-field-title:after {\n      content: ':';\n    }\n  <\/style>\n\n  <div class=\"pdb-list list-container\" >\n\n    \n      \n\n    \n              <section id=\"record-25\">\n                                    <div class=\"pdb-field  full_name-field\" >\n                <span class=\"pdb-field-title\">Nimi<\/span>\n                <span class=\"pdb-field-data\">Hamad Siddiqi<\/span>\n              <\/div>\n            \n                                  \n                                  \n                                  \n                  <\/section>\n              <section id=\"record-20\">\n                                    <div class=\"pdb-field  full_name-field\" >\n                <span class=\"pdb-field-title\">Nimi<\/span>\n                <span class=\"pdb-field-data\">Kani Keskitalo<\/span>\n              <\/div>\n            \n                                    <div class=\"pdb-field  email-field\" >\n                <span class=\"pdb-field-title\">S\u00e4hk\u00f6postiosoite<\/span>\n                <span class=\"pdb-field-data\">kanikeskita[\u00e4t]gmail.com<\/span>\n              <\/div>\n            \n                                  \n                                  \n                  <\/section>\n      \n      <\/div>\n  <\/div>\n<\/p>\n","protected":false},"excerpt":{"rendered":"<p>Huoneessa penkki, talja sek\u00e4 erikokoisia tankoja ja painoja. Punttisalille saa avaimen PSOAS Loungesta (Paavo Havaksen tie 5, yhdysk\u00e4yt\u00e4v\u00e4) 30 \u20ac:n panttimaksua vastaan. Kerhotilavastaavat:<\/p>\n","protected":false},"author":4,"featured_media":0,"parent":12,"menu_order":0,"comment_status":"closed","ping_status":"open","template":"","meta":{"footnotes":""},"class_list":["post-17","page","type-page","status-publish","hentry"],"_links":{"self":[{"href":"https:\/\/linnanmaa.fi\/index.php?rest_route=\/wp\/v2\/pages\/17","targetHints":{"allow":["GET"]}}],"collection":[{"href":"https:\/\/linnanmaa.fi\/index.php?rest_route=\/wp\/v2\/pages"}],"about":[{"href":"https:\/\/linnanmaa.fi\/index.php?rest_route=\/wp\/v2\/types\/page"}],"author":[{"embeddable":true,"href":"https:\/\/linnanmaa.fi\/index.php?rest_route=\/wp\/v2\/users\/4"}],"replies":[{"embeddable":true,"href":"https:\/\/linnanmaa.fi\/index.php?rest_route=%2Fwp%2Fv2%2Fcomments&post=17"}],"version-history":[{"count":9,"href":"https:\/\/linnanmaa.fi\/index.php?rest_route=\/wp\/v2\/pages\/17\/revisions"}],"predecessor-version":[{"id":630,"href":"https:\/\/linnanmaa.fi\/index.php?rest_route=\/wp\/v2\/pages\/17\/revisions\/630"}],"up":[{"embeddable":true,"href":"https:\/\/linnanmaa.fi\/index.php?rest_route=\/wp\/v2\/pages\/12"}],"wp:attachment":[{"href":"https:\/\/linnanmaa.fi\/index.php?rest_route=%2Fwp%2Fv2%2Fmedia&parent=17"}],"curies":[{"name":"wp","href":"https:\/\/api.w.org\/{rel}","templated":true}]}}