{"id":19,"date":"2014-02-20T17:45:37","date_gmt":"2014-02-20T15:45:37","guid":{"rendered":"http:\/\/linnanmaa.fi\/\/?page_id=19"},"modified":"2022-09-12T15:05:36","modified_gmt":"2022-09-12T12:05:36","slug":"yliopistokatu-1n-kerhohuone","status":"publish","type":"page","link":"https:\/\/linnanmaa.fi\/?page_id=19","title":{"rendered":"Yliopistokatu 1 C: kerhohuone"},"content":{"rendered":"<p>Yliopistokatu 1:n kerhohuone sijaitsee C-rapun kellarikerroksessa. Kerhohuoneelle p\u00e4\u00e4see YOK 1 asukkaiden omilla iLOQ-avaimilla.<\/p>\n<p>Huone varataan OmaPSOASin &#8221;varaukset&#8221;-sivun kautta ja huone on mahdollista varata kerralla 10.00-14:00,14:00-18:00 tai 18:00-22:00 v\u00e4liseksi ajaksi.<\/p>\n<p>Kerhohuoneella on istumatilaa noin kymmenelle hengelle.<br \/>\nVarustuksena kerhohuoneella on TV, Blu-ray soitin, Chromecast, kahvinkeitin, vedenkeitin, j\u00e4\u00e4kaappi ja mikroaaltouuni. Kerhohuoneella voi katsoa televisiota, kuunnella musiikkia tai viett\u00e4\u00e4 muuten vain aikaa.<\/p>\n<p><strong style=\"line-height: 1.5;\">Kerhotilavastaavat:<\/strong><br \/>\n<div class=\"wrap pdb-list pdb-instance-1 participants-database\" id=\"participants-list-1\">\n    \n\n    <style type=\"text\/css\">\n    .pdb-list section {\n      margin: 1.5em 0;\n    }\n    .pdb-field-title {\n      font-weight: bold;\n      padding-right: 15px;\n    }\n    .pdb-field-title:after {\n      content: ':';\n    }\n  <\/style>\n\n  <div class=\"pdb-list list-container\" >\n\n    \n      \n\n    \n      <h4><\/h4>\n\n      <\/div>\n  <\/div>\n<\/p>\n","protected":false},"excerpt":{"rendered":"<p>Yliopistokatu 1:n kerhohuone sijaitsee C-rapun kellarikerroksessa. Kerhohuoneelle p\u00e4\u00e4see YOK 1 asukkaiden omilla iLOQ-avaimilla. Huone varataan OmaPSOASin &#8221;varaukset&#8221;-sivun kautta ja huone on mahdollista varata kerralla 10.00-14:00,14:00-18:00 tai 18:00-22:00 v\u00e4liseksi ajaksi. Kerhohuoneella on istumatilaa noin kymmenelle hengelle. Varustuksena kerhohuoneella on TV, Blu-ray soitin, Chromecast, kahvinkeitin, vedenkeitin, j\u00e4\u00e4kaappi ja mikroaaltouuni. Kerhohuoneella voi katsoa televisiota, kuunnella musiikkia tai viett\u00e4\u00e4 &hellip; <a href=\"https:\/\/linnanmaa.fi\/?page_id=19\" class=\"more-link\">Jatka lukemista <span class=\"screen-reader-text\">Yliopistokatu 1 C: kerhohuone<\/span> <span class=\"meta-nav\">&rarr;<\/span><\/a><\/p>\n","protected":false},"author":4,"featured_media":0,"parent":12,"menu_order":1,"comment_status":"closed","ping_status":"open","template":"","meta":{"footnotes":""},"class_list":["post-19","page","type-page","status-publish","hentry"],"_links":{"self":[{"href":"https:\/\/linnanmaa.fi\/index.php?rest_route=\/wp\/v2\/pages\/19","targetHints":{"allow":["GET"]}}],"collection":[{"href":"https:\/\/linnanmaa.fi\/index.php?rest_route=\/wp\/v2\/pages"}],"about":[{"href":"https:\/\/linnanmaa.fi\/index.php?rest_route=\/wp\/v2\/types\/page"}],"author":[{"embeddable":true,"href":"https:\/\/linnanmaa.fi\/index.php?rest_route=\/wp\/v2\/users\/4"}],"replies":[{"embeddable":true,"href":"https:\/\/linnanmaa.fi\/index.php?rest_route=%2Fwp%2Fv2%2Fcomments&post=19"}],"version-history":[{"count":8,"href":"https:\/\/linnanmaa.fi\/index.php?rest_route=\/wp\/v2\/pages\/19\/revisions"}],"predecessor-version":[{"id":650,"href":"https:\/\/linnanmaa.fi\/index.php?rest_route=\/wp\/v2\/pages\/19\/revisions\/650"}],"up":[{"embeddable":true,"href":"https:\/\/linnanmaa.fi\/index.php?rest_route=\/wp\/v2\/pages\/12"}],"wp:attachment":[{"href":"https:\/\/linnanmaa.fi\/index.php?rest_route=%2Fwp%2Fv2%2Fmedia&parent=19"}],"curies":[{"name":"wp","href":"https:\/\/api.w.org\/{rel}","templated":true}]}}