{"id":21,"date":"2014-02-20T17:50:57","date_gmt":"2014-02-20T15:50:57","guid":{"rendered":"http:\/\/linnanmaa.fi\/\/?page_id=21"},"modified":"2017-01-22T23:09:01","modified_gmt":"2017-01-22T21:09:01","slug":"yliopistokatu-2cn-suksienhoitohuone","status":"publish","type":"page","link":"https:\/\/linnanmaa.fi\/?page_id=21","title":{"rendered":"Yliopistokatu 2 C: suksienhoitohuone"},"content":{"rendered":"<p style=\"text-align: justify;\">Kerhohuoneessa voi huoltaa polkupy\u00f6r\u00e4\u00e4 ja voidella suksia. Suksien voiteluun kerhohuoneesta l\u00f6ytyy kaksi suksienvoitelutelinett\u00e4, l\u00e4mmitysrauta ja ruuvipenkki. Py\u00f6r\u00e4nhuoltoteline on hankintalistalla entisen tilalle. Kerhohuoneessa s\u00e4ilytet\u00e4\u00e4n halkoja, joita asukkaat voivat polttaa merkityill\u00e4 tulipaikoilla. Huoneeseen on vapaa p\u00e4\u00e4sy, eik\u00e4 ovi ole lukittuna. Jokainen k\u00e4ytt\u00e4j\u00e4 siivoaa j\u00e4lkens\u00e4 ja varmistaa ett\u00e4 ovi ei j\u00e4\u00e4 lukkoon, \u00a0jotta seuraavan on mukava tulla!<\/p>\n<p><strong>Kerhotilavastaavat:<\/strong><br \/>\n<div class=\"wrap pdb-list pdb-instance-1 participants-database\" id=\"participants-list-1\">\n    \n\n    <style type=\"text\/css\">\n    .pdb-list section {\n      margin: 1.5em 0;\n    }\n    .pdb-field-title {\n      font-weight: bold;\n      padding-right: 15px;\n    }\n    .pdb-field-title:after {\n      content: ':';\n    }\n  <\/style>\n\n  <div class=\"pdb-list list-container\" >\n\n    \n      \n\n    \n              <section id=\"record-25\">\n                                    <div class=\"pdb-field  full_name-field\" >\n                <span class=\"pdb-field-title\">Nimi<\/span>\n                <span class=\"pdb-field-data\">Hamad Siddiqi<\/span>\n              <\/div>\n            \n                                  \n                                  \n                                  \n                  <\/section>\n              <section id=\"record-13\">\n                                    <div class=\"pdb-field  full_name-field\" >\n                <span class=\"pdb-field-title\">Nimi<\/span>\n                <span class=\"pdb-field-data\">Viljami Viinikka<\/span>\n              <\/div>\n            \n                                    <div class=\"pdb-field  email-field\" >\n                <span class=\"pdb-field-title\">S\u00e4hk\u00f6postiosoite<\/span>\n                <span class=\"pdb-field-data\">viljamivi[\u00e4t]gmail.com<\/span>\n              <\/div>\n            \n                                  \n                                  \n                  <\/section>\n      \n      <\/div>\n  <\/div>\n<\/p>\n","protected":false},"excerpt":{"rendered":"<p>Kerhohuoneessa voi huoltaa polkupy\u00f6r\u00e4\u00e4 ja voidella suksia. Suksien voiteluun kerhohuoneesta l\u00f6ytyy kaksi suksienvoitelutelinett\u00e4, l\u00e4mmitysrauta ja ruuvipenkki. Py\u00f6r\u00e4nhuoltoteline on hankintalistalla entisen tilalle. Kerhohuoneessa s\u00e4ilytet\u00e4\u00e4n halkoja, joita asukkaat voivat polttaa merkityill\u00e4 tulipaikoilla. Huoneeseen on vapaa p\u00e4\u00e4sy, eik\u00e4 ovi ole lukittuna. Jokainen k\u00e4ytt\u00e4j\u00e4 siivoaa j\u00e4lkens\u00e4 ja varmistaa ett\u00e4 ovi ei j\u00e4\u00e4 lukkoon, \u00a0jotta seuraavan on mukava tulla! Kerhotilavastaavat:<\/p>\n","protected":false},"author":4,"featured_media":0,"parent":12,"menu_order":2,"comment_status":"closed","ping_status":"open","template":"","meta":{"footnotes":""},"class_list":["post-21","page","type-page","status-publish","hentry"],"_links":{"self":[{"href":"https:\/\/linnanmaa.fi\/index.php?rest_route=\/wp\/v2\/pages\/21","targetHints":{"allow":["GET"]}}],"collection":[{"href":"https:\/\/linnanmaa.fi\/index.php?rest_route=\/wp\/v2\/pages"}],"about":[{"href":"https:\/\/linnanmaa.fi\/index.php?rest_route=\/wp\/v2\/types\/page"}],"author":[{"embeddable":true,"href":"https:\/\/linnanmaa.fi\/index.php?rest_route=\/wp\/v2\/users\/4"}],"replies":[{"embeddable":true,"href":"https:\/\/linnanmaa.fi\/index.php?rest_route=%2Fwp%2Fv2%2Fcomments&post=21"}],"version-history":[{"count":12,"href":"https:\/\/linnanmaa.fi\/index.php?rest_route=\/wp\/v2\/pages\/21\/revisions"}],"predecessor-version":[{"id":491,"href":"https:\/\/linnanmaa.fi\/index.php?rest_route=\/wp\/v2\/pages\/21\/revisions\/491"}],"up":[{"embeddable":true,"href":"https:\/\/linnanmaa.fi\/index.php?rest_route=\/wp\/v2\/pages\/12"}],"wp:attachment":[{"href":"https:\/\/linnanmaa.fi\/index.php?rest_route=%2Fwp%2Fv2%2Fmedia&parent=21"}],"curies":[{"name":"wp","href":"https:\/\/api.w.org\/{rel}","templated":true}]}}