{"id":24,"date":"2014-02-20T17:52:44","date_gmt":"2014-02-20T15:52:44","guid":{"rendered":"http:\/\/linnanmaa.fi\/\/?page_id=24"},"modified":"2018-10-21T18:46:42","modified_gmt":"2018-10-21T15:46:42","slug":"yliopistokatu-4a-kierratyshuone","status":"publish","type":"page","link":"https:\/\/linnanmaa.fi\/?page_id=24","title":{"rendered":"Yliopistokatu 4 A: Hiljainen huone &#038; Kirjasto"},"content":{"rendered":"<p>Hiljaista huonetta voi k\u00e4ytt\u00e4\u00e4 esimerkiksi hiljentymiseen, rentoutumiseen ja meditointiin, sek\u00e4 kirjojen ja lehtien lukemiseen.<br \/>\nHuoneessa on my\u00f6s kirjojen vaihtopiste.<\/p>\n<p>Rapun ulko-ovi sek\u00e4 hiljaisen huoneen ovi aukeavat ovikoodeilla, jotka l\u00f6ytyv\u00e4t OmaPSOAS-j\u00e4rjestelm\u00e4st\u00e4 Ohjeet-v\u00e4lilehdelt\u00e4.<\/p>\n<p><em>Huonetta ei voi varata yksityiseen k\u00e4ytt\u00f6\u00f6n!<\/em><\/p>\n<p><strong>Toimintaohjeet:<\/strong><\/p>\n<ul>\n<li style=\"text-align: justify;\">J\u00e4t\u00e4 kenk\u00e4si kenk\u00e4telineeseen huoneen sis\u00e4puolelle.<\/li>\n<li style=\"text-align: justify;\">Hiljenn\u00e4 puhelimesi sek\u00e4 muut laitteesi.<\/li>\n<li style=\"text-align: justify;\">\u00c4l\u00e4 puhu \u00e4\u00e4nekk\u00e4\u00e4sti tai harjoita muuta \u00e4\u00e4nek\u00e4st\u00e4 toimintaa.<\/li>\n<\/ul>\n<p><strong>Kerhotilavastaavat:<\/strong><br \/>\n<div class=\"wrap pdb-list pdb-instance-1 participants-database\" id=\"participants-list-1\">\n    \n\n    <style type=\"text\/css\">\n    .pdb-list section {\n      margin: 1.5em 0;\n    }\n    .pdb-field-title {\n      font-weight: bold;\n      padding-right: 15px;\n    }\n    .pdb-field-title:after {\n      content: ':';\n    }\n  <\/style>\n\n  <div class=\"pdb-list list-container\" >\n\n    \n      \n\n    \n              <section id=\"record-23\">\n                                    <div class=\"pdb-field  full_name-field\" >\n                <span class=\"pdb-field-title\">Nimi<\/span>\n                <span class=\"pdb-field-data\">MD Mobasshir Mobeen<\/span>\n              <\/div>\n            \n                                  \n                                  \n                                  \n                  <\/section>\n      \n      <\/div>\n  <\/div>\n<\/p>\n","protected":false},"excerpt":{"rendered":"<p>Hiljaista huonetta voi k\u00e4ytt\u00e4\u00e4 esimerkiksi hiljentymiseen, rentoutumiseen ja meditointiin, sek\u00e4 kirjojen ja lehtien lukemiseen. Huoneessa on my\u00f6s kirjojen vaihtopiste. Rapun ulko-ovi sek\u00e4 hiljaisen huoneen ovi aukeavat ovikoodeilla, jotka l\u00f6ytyv\u00e4t OmaPSOAS-j\u00e4rjestelm\u00e4st\u00e4 Ohjeet-v\u00e4lilehdelt\u00e4. Huonetta ei voi varata yksityiseen k\u00e4ytt\u00f6\u00f6n! Toimintaohjeet: J\u00e4t\u00e4 kenk\u00e4si kenk\u00e4telineeseen huoneen sis\u00e4puolelle. Hiljenn\u00e4 puhelimesi sek\u00e4 muut laitteesi. \u00c4l\u00e4 puhu \u00e4\u00e4nekk\u00e4\u00e4sti tai harjoita muuta \u00e4\u00e4nek\u00e4st\u00e4 &hellip; <a href=\"https:\/\/linnanmaa.fi\/?page_id=24\" class=\"more-link\">Jatka lukemista <span class=\"screen-reader-text\">Yliopistokatu 4 A: Hiljainen huone &#038; Kirjasto<\/span> <span class=\"meta-nav\">&rarr;<\/span><\/a><\/p>\n","protected":false},"author":4,"featured_media":0,"parent":12,"menu_order":3,"comment_status":"closed","ping_status":"open","template":"","meta":{"footnotes":""},"class_list":["post-24","page","type-page","status-publish","hentry"],"_links":{"self":[{"href":"https:\/\/linnanmaa.fi\/index.php?rest_route=\/wp\/v2\/pages\/24","targetHints":{"allow":["GET"]}}],"collection":[{"href":"https:\/\/linnanmaa.fi\/index.php?rest_route=\/wp\/v2\/pages"}],"about":[{"href":"https:\/\/linnanmaa.fi\/index.php?rest_route=\/wp\/v2\/types\/page"}],"author":[{"embeddable":true,"href":"https:\/\/linnanmaa.fi\/index.php?rest_route=\/wp\/v2\/users\/4"}],"replies":[{"embeddable":true,"href":"https:\/\/linnanmaa.fi\/index.php?rest_route=%2Fwp%2Fv2%2Fcomments&post=24"}],"version-history":[{"count":15,"href":"https:\/\/linnanmaa.fi\/index.php?rest_route=\/wp\/v2\/pages\/24\/revisions"}],"predecessor-version":[{"id":602,"href":"https:\/\/linnanmaa.fi\/index.php?rest_route=\/wp\/v2\/pages\/24\/revisions\/602"}],"up":[{"embeddable":true,"href":"https:\/\/linnanmaa.fi\/index.php?rest_route=\/wp\/v2\/pages\/12"}],"wp:attachment":[{"href":"https:\/\/linnanmaa.fi\/index.php?rest_route=%2Fwp%2Fv2%2Fmedia&parent=24"}],"curies":[{"name":"wp","href":"https:\/\/api.w.org\/{rel}","templated":true}]}}