{"id":40,"date":"2014-02-20T19:28:07","date_gmt":"2014-02-20T17:28:07","guid":{"rendered":"http:\/\/linnanmaa.fi\/\/?page_id=40"},"modified":"2017-01-22T23:15:15","modified_gmt":"2017-01-22T21:15:15","slug":"yliopistokatu-32-kangaspuuhuone","status":"publish","type":"page","link":"https:\/\/linnanmaa.fi\/?page_id=40","title":{"rendered":"Yliopistokatu 32: ompeluhuone"},"content":{"rendered":"<p><span style=\"color: #2b2b2b;\"><span style=\"font-family: Lato, sans-serif;\"><span style=\"font-size: medium;\">Ompeluhuoneen varustuksena on t\u00e4ll\u00e4 hetkell\u00e4 ompelukone ja saumuri. Lis\u00e4ksi huoneella on silityslauta ja -rauta, peili, iso ty\u00f6p\u00f6yt\u00e4 ja valikoima pienempi\u00e4 ompelutarvikkeita, kuten sakset, mittanauha, nuppineuloja ja kaavapaperia. \u201dTalon puolesta\u201d tarjotaan mustat ja valkoiset langat koneisiin. Suunnittelun apuna voi k\u00e4ytt\u00e4\u00e4 useamman vuosikerran verran kertyneit\u00e4 Suuri k\u00e4sity\u00f6lehti\u00e4, ja uusimman vuosikerran verran Ottobre-lehti\u00e4.<\/span><\/span><\/span><\/p>\n<p><span style=\"color: #2b2b2b;\"><span style=\"font-family: Lato, sans-serif;\"><span style=\"font-size: medium;\">Ompeluhuonevastaava opastaa mielell\u00e4\u00e4n koneiden k\u00e4yt\u00f6ss\u00e4. Ompeluhuoneen saa k\u00e4ytt\u00f6\u00f6ns\u00e4 sopimalla avaimen hausta s\u00e4hk\u00f6postitse.<\/span><\/span><\/span><\/p>\n<p><strong>Kerhotilavastaavat:<\/strong><br \/>\n<div class=\"wrap pdb-list pdb-instance-1 participants-database\" id=\"participants-list-1\">\n    \n\n    <style type=\"text\/css\">\n    .pdb-list section {\n      margin: 1.5em 0;\n    }\n    .pdb-field-title {\n      font-weight: bold;\n      padding-right: 15px;\n    }\n    .pdb-field-title:after {\n      content: ':';\n    }\n  <\/style>\n\n  <div class=\"pdb-list list-container\" >\n\n    \n      \n\n    \n              <section id=\"record-22\">\n                                    <div class=\"pdb-field  full_name-field\" >\n                <span class=\"pdb-field-title\">Nimi<\/span>\n                <span class=\"pdb-field-data\">Anri Kinisj\u00e4rvi<\/span>\n              <\/div>\n            \n                                    <div class=\"pdb-field  email-field\" >\n                <span class=\"pdb-field-title\">S\u00e4hk\u00f6postiosoite<\/span>\n                <span class=\"pdb-field-data\">anri.kinisjarvi[\u00e4t]gmail.com<\/span>\n              <\/div>\n            \n                                    <div class=\"pdb-field  phone-field\" >\n                <span class=\"pdb-field-title\">Puhelin<\/span>\n                <span class=\"pdb-field-data\">0504383989<\/span>\n              <\/div>\n            \n                                  \n                  <\/section>\n      \n      <\/div>\n  <\/div>\n<\/p>\n","protected":false},"excerpt":{"rendered":"<p>Ompeluhuoneen varustuksena on t\u00e4ll\u00e4 hetkell\u00e4 ompelukone ja saumuri. Lis\u00e4ksi huoneella on silityslauta ja -rauta, peili, iso ty\u00f6p\u00f6yt\u00e4 ja valikoima pienempi\u00e4 ompelutarvikkeita, kuten sakset, mittanauha, nuppineuloja ja kaavapaperia. \u201dTalon puolesta\u201d tarjotaan mustat ja valkoiset langat koneisiin. Suunnittelun apuna voi k\u00e4ytt\u00e4\u00e4 useamman vuosikerran verran kertyneit\u00e4 Suuri k\u00e4sity\u00f6lehti\u00e4, ja uusimman vuosikerran verran Ottobre-lehti\u00e4. Ompeluhuonevastaava opastaa mielell\u00e4\u00e4n koneiden k\u00e4yt\u00f6ss\u00e4. &hellip; <a href=\"https:\/\/linnanmaa.fi\/?page_id=40\" class=\"more-link\">Jatka lukemista <span class=\"screen-reader-text\">Yliopistokatu 32: ompeluhuone<\/span> <span class=\"meta-nav\">&rarr;<\/span><\/a><\/p>\n","protected":false},"author":4,"featured_media":0,"parent":12,"menu_order":6,"comment_status":"closed","ping_status":"open","template":"","meta":{"footnotes":""},"class_list":["post-40","page","type-page","status-publish","hentry"],"_links":{"self":[{"href":"https:\/\/linnanmaa.fi\/index.php?rest_route=\/wp\/v2\/pages\/40","targetHints":{"allow":["GET"]}}],"collection":[{"href":"https:\/\/linnanmaa.fi\/index.php?rest_route=\/wp\/v2\/pages"}],"about":[{"href":"https:\/\/linnanmaa.fi\/index.php?rest_route=\/wp\/v2\/types\/page"}],"author":[{"embeddable":true,"href":"https:\/\/linnanmaa.fi\/index.php?rest_route=\/wp\/v2\/users\/4"}],"replies":[{"embeddable":true,"href":"https:\/\/linnanmaa.fi\/index.php?rest_route=%2Fwp%2Fv2%2Fcomments&post=40"}],"version-history":[{"count":7,"href":"https:\/\/linnanmaa.fi\/index.php?rest_route=\/wp\/v2\/pages\/40\/revisions"}],"predecessor-version":[{"id":503,"href":"https:\/\/linnanmaa.fi\/index.php?rest_route=\/wp\/v2\/pages\/40\/revisions\/503"}],"up":[{"embeddable":true,"href":"https:\/\/linnanmaa.fi\/index.php?rest_route=\/wp\/v2\/pages\/12"}],"wp:attachment":[{"href":"https:\/\/linnanmaa.fi\/index.php?rest_route=%2Fwp%2Fv2%2Fmedia&parent=40"}],"curies":[{"name":"wp","href":"https:\/\/api.w.org\/{rel}","templated":true}]}}