{"id":42,"date":"2014-02-20T19:29:51","date_gmt":"2014-02-20T17:29:51","guid":{"rendered":"http:\/\/linnanmaa.fi\/\/?page_id=42"},"modified":"2022-05-07T11:45:46","modified_gmt":"2022-05-07T08:45:46","slug":"yliopistokatu-38-biljardisali","status":"publish","type":"page","link":"https:\/\/linnanmaa.fi\/?page_id=42","title":{"rendered":"Yliopistokatu 38: biljardisali"},"content":{"rendered":"<p style=\"text-align: justify;\">Kerhohuoneella on biljardip\u00f6yt\u00e4 8- ja 9-pallon pelaamiseen. Huoneelta l\u00f6ytyy my\u00f6s pallot snookerin pelaamiseen. Lis\u00e4ksi huoneessa on erillisess\u00e4 tilassa darts-taulu sek\u00e4 joitain tikkoja pelaamista varten, joskin omien tikkojen tuominen on toki sallittua ja suotavaa. Huoneessa on minikeitti\u00f6, jossa on juokseva vesi sek\u00e4 j\u00e4\u00e4kaappi.<\/p>\n<p><strong>Kerhotilavastaavat:<\/strong><br \/>\n<div class=\"wrap pdb-list pdb-instance-1 participants-database\" id=\"participants-list-1\">\n    \n\n    <style type=\"text\/css\">\n    .pdb-list section {\n      margin: 1.5em 0;\n    }\n    .pdb-field-title {\n      font-weight: bold;\n      padding-right: 15px;\n    }\n    .pdb-field-title:after {\n      content: ':';\n    }\n  <\/style>\n\n  <div class=\"pdb-list list-container\" >\n\n    \n      \n\n    \n              <section id=\"record-13\">\n                                    <div class=\"pdb-field  full_name-field\" >\n                <span class=\"pdb-field-title\">Nimi<\/span>\n                <span class=\"pdb-field-data\">Viljami Viinikka<\/span>\n              <\/div>\n            \n                                    <div class=\"pdb-field  email-field\" >\n                <span class=\"pdb-field-title\">S\u00e4hk\u00f6postiosoite<\/span>\n                <span class=\"pdb-field-data\">viljamivi[\u00e4t]gmail.com<\/span>\n              <\/div>\n            \n                                  \n                                  \n                  <\/section>\n      \n      <\/div>\n  <\/div>\n<\/p>\n","protected":false},"excerpt":{"rendered":"<p>Kerhohuoneella on biljardip\u00f6yt\u00e4 8- ja 9-pallon pelaamiseen. Huoneelta l\u00f6ytyy my\u00f6s pallot snookerin pelaamiseen. Lis\u00e4ksi huoneessa on erillisess\u00e4 tilassa darts-taulu sek\u00e4 joitain tikkoja pelaamista varten, joskin omien tikkojen tuominen on toki sallittua ja suotavaa. Huoneessa on minikeitti\u00f6, jossa on juokseva vesi sek\u00e4 j\u00e4\u00e4kaappi. Kerhotilavastaavat:<\/p>\n","protected":false},"author":4,"featured_media":0,"parent":12,"menu_order":7,"comment_status":"closed","ping_status":"open","template":"","meta":{"footnotes":""},"class_list":["post-42","page","type-page","status-publish","hentry"],"_links":{"self":[{"href":"https:\/\/linnanmaa.fi\/index.php?rest_route=\/wp\/v2\/pages\/42","targetHints":{"allow":["GET"]}}],"collection":[{"href":"https:\/\/linnanmaa.fi\/index.php?rest_route=\/wp\/v2\/pages"}],"about":[{"href":"https:\/\/linnanmaa.fi\/index.php?rest_route=\/wp\/v2\/types\/page"}],"author":[{"embeddable":true,"href":"https:\/\/linnanmaa.fi\/index.php?rest_route=\/wp\/v2\/users\/4"}],"replies":[{"embeddable":true,"href":"https:\/\/linnanmaa.fi\/index.php?rest_route=%2Fwp%2Fv2%2Fcomments&post=42"}],"version-history":[{"count":9,"href":"https:\/\/linnanmaa.fi\/index.php?rest_route=\/wp\/v2\/pages\/42\/revisions"}],"predecessor-version":[{"id":642,"href":"https:\/\/linnanmaa.fi\/index.php?rest_route=\/wp\/v2\/pages\/42\/revisions\/642"}],"up":[{"embeddable":true,"href":"https:\/\/linnanmaa.fi\/index.php?rest_route=\/wp\/v2\/pages\/12"}],"wp:attachment":[{"href":"https:\/\/linnanmaa.fi\/index.php?rest_route=%2Fwp%2Fv2%2Fmedia&parent=42"}],"curies":[{"name":"wp","href":"https:\/\/api.w.org\/{rel}","templated":true}]}}