{"id":49,"date":"2014-02-20T19:44:00","date_gmt":"2014-02-20T17:44:00","guid":{"rendered":"http:\/\/linnanmaa.fi\/\/?page_id=49"},"modified":"2017-01-22T23:20:05","modified_gmt":"2017-01-22T21:20:05","slug":"yliopistokatu-44-solarium-ja-liikuntahuone","status":"publish","type":"page","link":"https:\/\/linnanmaa.fi\/?page_id=49","title":{"rendered":"Yliopistokatu 44: Joogastudio"},"content":{"rendered":"<p style=\"text-align: justify;\">Linnanmaan joogastudiolla voit rauhoittua ja pit\u00e4\u00e4 huolta itsest\u00e4si\u00a0kiireen keskell\u00e4!<\/p>\n<p>V\u00e4lineit\u00e4 huoneesta l\u00f6ytyy mm. crosstrainer, jumppapallo, joogamatto, erilaisia pilatesrullia ja joogablokki, puolapuut, sek\u00e4 jumppakuminauhat.<\/p>\n<p>P\u00e4\u00e4st\u00e4ksesi sis\u00e4\u00e4n joogastudioon tarvitset avaimen. Avaimen saa lainaan kerhotilavastaavilta panttia vastaan.<\/p>\n<p><strong>Kerhotilavastaavat:<\/strong><br \/>\n<div class=\"wrap pdb-list pdb-instance-1 participants-database\" id=\"participants-list-1\">\n    \n\n    <style type=\"text\/css\">\n    .pdb-list section {\n      margin: 1.5em 0;\n    }\n    .pdb-field-title {\n      font-weight: bold;\n      padding-right: 15px;\n    }\n    .pdb-field-title:after {\n      content: ':';\n    }\n  <\/style>\n\n  <div class=\"pdb-list list-container\" >\n\n    \n      \n\n    \n              <section id=\"record-22\">\n                                    <div class=\"pdb-field  full_name-field\" >\n                <span class=\"pdb-field-title\">Nimi<\/span>\n                <span class=\"pdb-field-data\">Anri Kinisj\u00e4rvi<\/span>\n              <\/div>\n            \n                                    <div class=\"pdb-field  email-field\" >\n                <span class=\"pdb-field-title\">S\u00e4hk\u00f6postiosoite<\/span>\n                <span class=\"pdb-field-data\">anri.kinisjarvi[\u00e4t]gmail.com<\/span>\n              <\/div>\n            \n                                    <div class=\"pdb-field  phone-field\" >\n                <span class=\"pdb-field-title\">Puhelin<\/span>\n                <span class=\"pdb-field-data\">0504383989<\/span>\n              <\/div>\n            \n                                  \n                  <\/section>\n      \n      <\/div>\n  <\/div>\n<\/p>\n","protected":false},"excerpt":{"rendered":"<p>Linnanmaan joogastudiolla voit rauhoittua ja pit\u00e4\u00e4 huolta itsest\u00e4si\u00a0kiireen keskell\u00e4! V\u00e4lineit\u00e4 huoneesta l\u00f6ytyy mm. crosstrainer, jumppapallo, joogamatto, erilaisia pilatesrullia ja joogablokki, puolapuut, sek\u00e4 jumppakuminauhat. P\u00e4\u00e4st\u00e4ksesi sis\u00e4\u00e4n joogastudioon tarvitset avaimen. Avaimen saa lainaan kerhotilavastaavilta panttia vastaan. Kerhotilavastaavat:<\/p>\n","protected":false},"author":4,"featured_media":0,"parent":12,"menu_order":9,"comment_status":"closed","ping_status":"open","template":"","meta":{"footnotes":""},"class_list":["post-49","page","type-page","status-publish","hentry"],"_links":{"self":[{"href":"https:\/\/linnanmaa.fi\/index.php?rest_route=\/wp\/v2\/pages\/49","targetHints":{"allow":["GET"]}}],"collection":[{"href":"https:\/\/linnanmaa.fi\/index.php?rest_route=\/wp\/v2\/pages"}],"about":[{"href":"https:\/\/linnanmaa.fi\/index.php?rest_route=\/wp\/v2\/types\/page"}],"author":[{"embeddable":true,"href":"https:\/\/linnanmaa.fi\/index.php?rest_route=\/wp\/v2\/users\/4"}],"replies":[{"embeddable":true,"href":"https:\/\/linnanmaa.fi\/index.php?rest_route=%2Fwp%2Fv2%2Fcomments&post=49"}],"version-history":[{"count":9,"href":"https:\/\/linnanmaa.fi\/index.php?rest_route=\/wp\/v2\/pages\/49\/revisions"}],"predecessor-version":[{"id":509,"href":"https:\/\/linnanmaa.fi\/index.php?rest_route=\/wp\/v2\/pages\/49\/revisions\/509"}],"up":[{"embeddable":true,"href":"https:\/\/linnanmaa.fi\/index.php?rest_route=\/wp\/v2\/pages\/12"}],"wp:attachment":[{"href":"https:\/\/linnanmaa.fi\/index.php?rest_route=%2Fwp%2Fv2%2Fmedia&parent=49"}],"curies":[{"name":"wp","href":"https:\/\/api.w.org\/{rel}","templated":true}]}}