{"id":52,"date":"2014-02-20T19:45:33","date_gmt":"2014-02-20T17:45:33","guid":{"rendered":"http:\/\/linnanmaa.fi\/\/?page_id=52"},"modified":"2017-01-22T23:22:59","modified_gmt":"2017-01-22T21:22:59","slug":"yliopistokatu-46-lukusali","status":"publish","type":"page","link":"https:\/\/linnanmaa.fi\/?page_id=52","title":{"rendered":"Yliopistokatu 46: olohuone"},"content":{"rendered":"<p>Yliopistokatu 46:n kerhohuone on asukkaiden olohuone, jossa voi k\u00e4yd\u00e4 pelailemassa ja tutustua toisiin asukkaisiin. Kerhohuone ei ole biletila, ja siell\u00e4 p\u00e4tev\u00e4t \u00a0<a title=\"talon j\u00e4rjestyss\u00e4\u00e4nn\u00f6t\" href=\"http:\/\/www.psoas.fi\/asumisopas\/asuvalle\/jarjestyssaannot-ja-hairiot\/\" target=\"_blank\">talon j\u00e4rjestyss\u00e4\u00e4nn\u00f6t<\/a>. Tilojen k\u00e4ytt\u00e4jien tulee kunniottaa toisia asukkaita ja v\u00e4ltt\u00e4\u00e4 \u00e4\u00e4nek\u00e4st\u00e4 toimintaa mik\u00e4li se h\u00e4iritsee l\u00e4hell\u00e4 asuvia asukkaita. Huoneesta l\u00f6ytyy pingisp\u00f6yt\u00e4, -mailoja ja -palloja sek\u00e4 televisio, pelikonsoli ja sekalainen kokoelma pelej\u00e4 ja elokuvia.<\/p>\n<p>Kerhohuoneen yhteytess\u00e4 on halkovarasto, josta asukkaat voivat noutaa polttopuuta alueen grillipaikoille. Jos varasto on tyhjill\u00e4\u00e4n, kannattaa kokeilla toista yleist\u00e4 halkovarastoa Yliopistokatu 2 C:ss\u00e4. Kolmas halkovarasto l\u00f6ytyy Paavo Havaksen tielt\u00e4, mutta sinne p\u00e4\u00e4sev\u00e4t vain alueen asukkaat avaimillaan.<\/p>\n<p>Kerhohuonetta ei voi varata yksityiseen k\u00e4ytt\u00f6\u00f6n. Sen sijaan, jos haluat j\u00e4rjest\u00e4\u00e4 kaikille asukkaille avoimen tapahtuman (esimerkiksi kirppiksen tai Ravintolap\u00e4iv\u00e4-tilaisuuden), annamme huoneen mieluusti k\u00e4ytt\u00f6\u00f6n. Varmistathan kuitenkin kerhotilavastaavilta, ettei huonetta ole jo luvattu samalle ajalle jonkun toisen k\u00e4ytt\u00f6\u00f6n.\u00a0 Jos haluat j\u00e4rjest\u00e4\u00e4 yksityisen tapahtuman tai juhlat, vuokraa <a title=\"Yliopistokatu 40: kerhosauna\" href=\"http:\/\/linnanmaa.fi\/?page_id=44\" target=\"_blank\">Yliopistokatu 40:n kerhosaunatilat<\/a>.<\/p>\n<p>Jos huomaat puutteita huoneen varustelussa tai merkkej\u00e4 ilkivallasta, ilmoitathan huomioistasi kerhotilavastaaville!<br \/>\nH\u00e4iri\u00f6tapauksissa ota yhteytt\u00e4 suoraan is\u00e4nn\u00f6itsij\u00e4\u00e4n Antti Rantasuomela (email:\u00a0etunimi.sukunimi@psoas.fi\u00a0tai p. (08) 3173 145) tai poliisiin vakavammissa tapauksissa.<\/p>\n<p><strong>Kerhotilavastaavat:<\/strong><br \/>\n<div class=\"wrap pdb-list pdb-instance-1 participants-database\" id=\"participants-list-1\">\n    \n\n    <style type=\"text\/css\">\n    .pdb-list section {\n      margin: 1.5em 0;\n    }\n    .pdb-field-title {\n      font-weight: bold;\n      padding-right: 15px;\n    }\n    .pdb-field-title:after {\n      content: ':';\n    }\n  <\/style>\n\n  <div class=\"pdb-list list-container\" >\n\n    \n      \n\n    \n      <h4><\/h4>\n\n      <\/div>\n  <\/div>\n<\/p>\n","protected":false},"excerpt":{"rendered":"<p>Yliopistokatu 46:n kerhohuone on asukkaiden olohuone, jossa voi k\u00e4yd\u00e4 pelailemassa ja tutustua toisiin asukkaisiin. Kerhohuone ei ole biletila, ja siell\u00e4 p\u00e4tev\u00e4t \u00a0talon j\u00e4rjestyss\u00e4\u00e4nn\u00f6t. Tilojen k\u00e4ytt\u00e4jien tulee kunniottaa toisia asukkaita ja v\u00e4ltt\u00e4\u00e4 \u00e4\u00e4nek\u00e4st\u00e4 toimintaa mik\u00e4li se h\u00e4iritsee l\u00e4hell\u00e4 asuvia asukkaita. Huoneesta l\u00f6ytyy pingisp\u00f6yt\u00e4, -mailoja ja -palloja sek\u00e4 televisio, pelikonsoli ja sekalainen kokoelma pelej\u00e4 ja elokuvia. Kerhohuoneen &hellip; <a href=\"https:\/\/linnanmaa.fi\/?page_id=52\" class=\"more-link\">Jatka lukemista <span class=\"screen-reader-text\">Yliopistokatu 46: olohuone<\/span> <span class=\"meta-nav\">&rarr;<\/span><\/a><\/p>\n","protected":false},"author":4,"featured_media":0,"parent":12,"menu_order":10,"comment_status":"closed","ping_status":"open","template":"","meta":{"footnotes":""},"class_list":["post-52","page","type-page","status-publish","hentry"],"_links":{"self":[{"href":"https:\/\/linnanmaa.fi\/index.php?rest_route=\/wp\/v2\/pages\/52","targetHints":{"allow":["GET"]}}],"collection":[{"href":"https:\/\/linnanmaa.fi\/index.php?rest_route=\/wp\/v2\/pages"}],"about":[{"href":"https:\/\/linnanmaa.fi\/index.php?rest_route=\/wp\/v2\/types\/page"}],"author":[{"embeddable":true,"href":"https:\/\/linnanmaa.fi\/index.php?rest_route=\/wp\/v2\/users\/4"}],"replies":[{"embeddable":true,"href":"https:\/\/linnanmaa.fi\/index.php?rest_route=%2Fwp%2Fv2%2Fcomments&post=52"}],"version-history":[{"count":10,"href":"https:\/\/linnanmaa.fi\/index.php?rest_route=\/wp\/v2\/pages\/52\/revisions"}],"predecessor-version":[{"id":111,"href":"https:\/\/linnanmaa.fi\/index.php?rest_route=\/wp\/v2\/pages\/52\/revisions\/111"}],"up":[{"embeddable":true,"href":"https:\/\/linnanmaa.fi\/index.php?rest_route=\/wp\/v2\/pages\/12"}],"wp:attachment":[{"href":"https:\/\/linnanmaa.fi\/index.php?rest_route=%2Fwp%2Fv2%2Fmedia&parent=52"}],"curies":[{"name":"wp","href":"https:\/\/api.w.org\/{rel}","templated":true}]}}