{"id":54,"date":"2014-02-20T19:48:26","date_gmt":"2014-02-20T17:48:26","guid":{"rendered":"http:\/\/linnanmaa.fi\/\/?page_id=54"},"modified":"2017-01-21T15:40:00","modified_gmt":"2017-01-21T13:40:00","slug":"lainatavarat","status":"publish","type":"page","link":"https:\/\/linnanmaa.fi\/?page_id=54","title":{"rendered":"Lainatavarat ja tarvikkeet"},"content":{"rendered":"<p style=\"text-align: justify;\">Asukastoimikunta on vuosien saatossa haalinut haltuunsa kaikenlaista yleishy\u00f6dyllist\u00e4 tavaraa. Kaikki se on tarpeen vaatiessa juuri sinun k\u00e4ytett\u00e4viss\u00e4si!<\/p>\n<p style=\"text-align: justify;\">Osasta lainatavaroita perimme nimellist\u00e4 vuokraa. Suurin osa on kuitenkin lainattavissa ilmaiseksi panttia vastaan.<\/p>\n<p style=\"text-align: justify;\">Meilt\u00e4 l\u00f6ytyy my\u00f6s l\u00e4mp\u00f6paikkoja autolle lyhytaikaiseen k\u00e4ytt\u00f6\u00f6n!<\/p>\n","protected":false},"excerpt":{"rendered":"<p>Asukastoimikunta on vuosien saatossa haalinut haltuunsa kaikenlaista yleishy\u00f6dyllist\u00e4 tavaraa. Kaikki se on tarpeen vaatiessa juuri sinun k\u00e4ytett\u00e4viss\u00e4si! Osasta lainatavaroita perimme nimellist\u00e4 vuokraa. Suurin osa on kuitenkin lainattavissa ilmaiseksi panttia vastaan. Meilt\u00e4 l\u00f6ytyy my\u00f6s l\u00e4mp\u00f6paikkoja autolle lyhytaikaiseen k\u00e4ytt\u00f6\u00f6n!<\/p>\n","protected":false},"author":4,"featured_media":0,"parent":0,"menu_order":2,"comment_status":"closed","ping_status":"open","template":"","meta":{"footnotes":""},"class_list":["post-54","page","type-page","status-publish","hentry"],"_links":{"self":[{"href":"https:\/\/linnanmaa.fi\/index.php?rest_route=\/wp\/v2\/pages\/54","targetHints":{"allow":["GET"]}}],"collection":[{"href":"https:\/\/linnanmaa.fi\/index.php?rest_route=\/wp\/v2\/pages"}],"about":[{"href":"https:\/\/linnanmaa.fi\/index.php?rest_route=\/wp\/v2\/types\/page"}],"author":[{"embeddable":true,"href":"https:\/\/linnanmaa.fi\/index.php?rest_route=\/wp\/v2\/users\/4"}],"replies":[{"embeddable":true,"href":"https:\/\/linnanmaa.fi\/index.php?rest_route=%2Fwp%2Fv2%2Fcomments&post=54"}],"version-history":[{"count":3,"href":"https:\/\/linnanmaa.fi\/index.php?rest_route=\/wp\/v2\/pages\/54\/revisions"}],"predecessor-version":[{"id":65,"href":"https:\/\/linnanmaa.fi\/index.php?rest_route=\/wp\/v2\/pages\/54\/revisions\/65"}],"wp:attachment":[{"href":"https:\/\/linnanmaa.fi\/index.php?rest_route=%2Fwp%2Fv2%2Fmedia&parent=54"}],"curies":[{"name":"wp","href":"https:\/\/api.w.org\/{rel}","templated":true}]}}