{"id":58,"date":"2014-02-20T19:55:06","date_gmt":"2014-02-20T17:55:06","guid":{"rendered":"http:\/\/linnanmaa.fi\/\/?page_id=58"},"modified":"2017-01-22T23:32:40","modified_gmt":"2017-01-22T21:32:40","slug":"vuokrattavat-laitteet","status":"publish","type":"page","link":"https:\/\/linnanmaa.fi\/?page_id=58","title":{"rendered":"Vuokrattavat laitteet"},"content":{"rendered":"<p style=\"text-align: justify;\">Asukastoimikunnalta l\u00f6ytyy <strong>h\u00f6yrypesuri<\/strong> (hankittu vuonna 2013), <strong>digitaalikamera<\/strong> ja <strong>digitaalinen videokamera<\/strong>, jotka ovat asukkaiden vuokrattavissa.<\/p>\n<p style=\"text-align: justify;\">Vuokrattavien laitteiden hinta on 2 \u20ac \/ vrk tai 10 \u20ac \/ viikko. Ota yhteytt\u00e4 lainatavaravastaavaan s\u00e4hk\u00f6postitse ja kysele saatavuutta.<\/p>\n<p style=\"text-align: justify;\">Ota mukaan henkil\u00f6llisyystodistus, jonka olet valmis j\u00e4tt\u00e4m\u00e4\u00e4n pantiksi siksi aikaa, kun laite on sinulla lainassa. (Emme halua, ett\u00e4 katoat h\u00f6yrypesurimme kanssa j\u00e4ljett\u00f6miin. Et luultavasti p\u00e4\u00e4se niin kauas, jos meill\u00e4 on sinun passisi.)<\/p>\n<p style=\"text-align: justify;\"><strong>TIEDUSTELUT S\u00c4HK\u00d6POSTITSE!<\/strong><\/p>\n<p style=\"text-align: justify;\"><strong>En vastaa lainkaan tekstiviestikyselyihin.<\/strong> Se maksaa minulle, ja sopivan noutoajan sopiminen on aina prosessi, ja tekstiviestitse ty\u00f6l\u00e4s sellainen. Ota siis yhteytt\u00e4 s\u00e4hk\u00f6postitse, jos haluat jotakin lainaan.\u00a0<span style=\"line-height: 1.5;\">Vastaan s\u00e4hk\u00f6posteihin tavallisesti vuorokauden sis\u00e4ll\u00e4.<\/span><\/p>\n<p style=\"text-align: justify;\"><span style=\"line-height: 1.5;\">Teemme asukastoimikuntahommia oman el\u00e4m\u00e4mme, opiskelujemme ja ty\u00f6mme ohella. Sen vuoksi emme voi taata olevamme tavoitettavissa 24\/7 tai parin tunnin varoitusajalla. Varaudu siis kyselem\u00e4\u00e4n lainatavaroita hyviss\u00e4 ajoin ennen tarvetta.<\/span><\/p>\n<p><strong>Lainatavaroista vastaavat<\/strong><br \/>\n<em>L\u00e4het\u00e4th\u00e4n viestin kaikille vastaaville!<\/em><\/p>\n<div class=\"wrap pdb-list pdb-instance-1 participants-database\" id=\"participants-list-1\">\n    \n\n    <style type=\"text\/css\">\n    .pdb-list section {\n      margin: 1.5em 0;\n    }\n    .pdb-field-title {\n      font-weight: bold;\n      padding-right: 15px;\n    }\n    .pdb-field-title:after {\n      content: ':';\n    }\n  <\/style>\n\n  <div class=\"pdb-list list-container\" >\n\n    \n      \n\n    \n              <section id=\"record-27\">\n                                    <div class=\"pdb-field  full_name-field\" >\n                <span class=\"pdb-field-title\">Nimi<\/span>\n                <span class=\"pdb-field-data\">Kari Anunti<\/span>\n              <\/div>\n            \n                                  \n                                  \n                                  \n                  <\/section>\n              <section id=\"record-13\">\n                                    <div class=\"pdb-field  full_name-field\" >\n                <span class=\"pdb-field-title\">Nimi<\/span>\n                <span class=\"pdb-field-data\">Viljami Viinikka<\/span>\n              <\/div>\n            \n                                    <div class=\"pdb-field  email-field\" >\n                <span class=\"pdb-field-title\">S\u00e4hk\u00f6postiosoite<\/span>\n                <span class=\"pdb-field-data\">viljamivi[\u00e4t]gmail.com<\/span>\n              <\/div>\n            \n                                  \n                                  \n                  <\/section>\n      \n      <\/div>\n  <\/div>\n\n","protected":false},"excerpt":{"rendered":"<p>Asukastoimikunnalta l\u00f6ytyy h\u00f6yrypesuri (hankittu vuonna 2013), digitaalikamera ja digitaalinen videokamera, jotka ovat asukkaiden vuokrattavissa. Vuokrattavien laitteiden hinta on 2 \u20ac \/ vrk tai 10 \u20ac \/ viikko. Ota yhteytt\u00e4 lainatavaravastaavaan s\u00e4hk\u00f6postitse ja kysele saatavuutta. Ota mukaan henkil\u00f6llisyystodistus, jonka olet valmis j\u00e4tt\u00e4m\u00e4\u00e4n pantiksi siksi aikaa, kun laite on sinulla lainassa. (Emme halua, ett\u00e4 katoat h\u00f6yrypesurimme kanssa &hellip; <a href=\"https:\/\/linnanmaa.fi\/?page_id=58\" class=\"more-link\">Jatka lukemista <span class=\"screen-reader-text\">Vuokrattavat laitteet<\/span> <span class=\"meta-nav\">&rarr;<\/span><\/a><\/p>\n","protected":false},"author":4,"featured_media":0,"parent":54,"menu_order":0,"comment_status":"closed","ping_status":"open","template":"","meta":{"footnotes":""},"class_list":["post-58","page","type-page","status-publish","hentry"],"_links":{"self":[{"href":"https:\/\/linnanmaa.fi\/index.php?rest_route=\/wp\/v2\/pages\/58","targetHints":{"allow":["GET"]}}],"collection":[{"href":"https:\/\/linnanmaa.fi\/index.php?rest_route=\/wp\/v2\/pages"}],"about":[{"href":"https:\/\/linnanmaa.fi\/index.php?rest_route=\/wp\/v2\/types\/page"}],"author":[{"embeddable":true,"href":"https:\/\/linnanmaa.fi\/index.php?rest_route=\/wp\/v2\/users\/4"}],"replies":[{"embeddable":true,"href":"https:\/\/linnanmaa.fi\/index.php?rest_route=%2Fwp%2Fv2%2Fcomments&post=58"}],"version-history":[{"count":11,"href":"https:\/\/linnanmaa.fi\/index.php?rest_route=\/wp\/v2\/pages\/58\/revisions"}],"predecessor-version":[{"id":523,"href":"https:\/\/linnanmaa.fi\/index.php?rest_route=\/wp\/v2\/pages\/58\/revisions\/523"}],"up":[{"embeddable":true,"href":"https:\/\/linnanmaa.fi\/index.php?rest_route=\/wp\/v2\/pages\/54"}],"wp:attachment":[{"href":"https:\/\/linnanmaa.fi\/index.php?rest_route=%2Fwp%2Fv2%2Fmedia&parent=58"}],"curies":[{"name":"wp","href":"https:\/\/api.w.org\/{rel}","templated":true}]}}