{"id":62,"date":"2014-02-20T19:59:50","date_gmt":"2014-02-20T17:59:50","guid":{"rendered":"http:\/\/linnanmaa.fi\/\/?page_id=62"},"modified":"2017-01-22T23:26:30","modified_gmt":"2017-01-22T21:26:30","slug":"lampopaikat","status":"publish","type":"page","link":"https:\/\/linnanmaa.fi\/?page_id=62","title":{"rendered":"L\u00e4mp\u00f6paikat"},"content":{"rendered":"<p style=\"text-align: justify;\">Voit vuokrata asukastoimikunnalta l\u00e4mmityspaikan autolle lyhytaikaiseen tarpeeseen \u2013 esimerkiksi vieraita varten. Paikat sijaitsevat Paavo Havaksen tiell\u00e4 ja Yliopistokadulla.<\/p>\n<p style=\"text-align: justify;\">L\u00e4mp\u00f6paikkojen hinta on 1 \u20ac \/ vrk tai 2 \u20ac \/ viikonloppu (pe\u2013su).<\/p>\n<p><strong>L\u00e4mp\u00f6paikoista vastaavat:<\/strong><br \/>\n<div class=\"wrap pdb-list pdb-instance-1 participants-database\" id=\"participants-list-1\">\n    \n\n    <style type=\"text\/css\">\n    .pdb-list section {\n      margin: 1.5em 0;\n    }\n    .pdb-field-title {\n      font-weight: bold;\n      padding-right: 15px;\n    }\n    .pdb-field-title:after {\n      content: ':';\n    }\n  <\/style>\n\n  <div class=\"pdb-list list-container\" >\n\n    \n      \n\n    \n              <section id=\"record-13\">\n                                    <div class=\"pdb-field  full_name-field\" >\n                <span class=\"pdb-field-title\">Nimi<\/span>\n                <span class=\"pdb-field-data\">Viljami Viinikka<\/span>\n              <\/div>\n            \n                                    <div class=\"pdb-field  email-field\" >\n                <span class=\"pdb-field-title\">S\u00e4hk\u00f6postiosoite<\/span>\n                <span class=\"pdb-field-data\">viljamivi[\u00e4t]gmail.com<\/span>\n              <\/div>\n            \n                                  \n                                  \n                  <\/section>\n              <section id=\"record-9\">\n                                    <div class=\"pdb-field  full_name-field\" >\n                <span class=\"pdb-field-title\">Nimi<\/span>\n                <span class=\"pdb-field-data\">Jukka Haataja<\/span>\n              <\/div>\n            \n                                    <div class=\"pdb-field  email-field\" >\n                <span class=\"pdb-field-title\">S\u00e4hk\u00f6postiosoite<\/span>\n                <span class=\"pdb-field-data\">puutyohuonevastaava[\u00e4t]gmail.com<\/span>\n              <\/div>\n            \n                                  \n                                  \n                  <\/section>\n      \n      <\/div>\n  <\/div>\n<\/p>\n","protected":false},"excerpt":{"rendered":"<p>Voit vuokrata asukastoimikunnalta l\u00e4mmityspaikan autolle lyhytaikaiseen tarpeeseen \u2013 esimerkiksi vieraita varten. Paikat sijaitsevat Paavo Havaksen tiell\u00e4 ja Yliopistokadulla. L\u00e4mp\u00f6paikkojen hinta on 1 \u20ac \/ vrk tai 2 \u20ac \/ viikonloppu (pe\u2013su). L\u00e4mp\u00f6paikoista vastaavat:<\/p>\n","protected":false},"author":4,"featured_media":0,"parent":54,"menu_order":0,"comment_status":"closed","ping_status":"open","template":"","meta":{"footnotes":""},"class_list":["post-62","page","type-page","status-publish","hentry"],"_links":{"self":[{"href":"https:\/\/linnanmaa.fi\/index.php?rest_route=\/wp\/v2\/pages\/62","targetHints":{"allow":["GET"]}}],"collection":[{"href":"https:\/\/linnanmaa.fi\/index.php?rest_route=\/wp\/v2\/pages"}],"about":[{"href":"https:\/\/linnanmaa.fi\/index.php?rest_route=\/wp\/v2\/types\/page"}],"author":[{"embeddable":true,"href":"https:\/\/linnanmaa.fi\/index.php?rest_route=\/wp\/v2\/users\/4"}],"replies":[{"embeddable":true,"href":"https:\/\/linnanmaa.fi\/index.php?rest_route=%2Fwp%2Fv2%2Fcomments&post=62"}],"version-history":[{"count":6,"href":"https:\/\/linnanmaa.fi\/index.php?rest_route=\/wp\/v2\/pages\/62\/revisions"}],"predecessor-version":[{"id":514,"href":"https:\/\/linnanmaa.fi\/index.php?rest_route=\/wp\/v2\/pages\/62\/revisions\/514"}],"up":[{"embeddable":true,"href":"https:\/\/linnanmaa.fi\/index.php?rest_route=\/wp\/v2\/pages\/54"}],"wp:attachment":[{"href":"https:\/\/linnanmaa.fi\/index.php?rest_route=%2Fwp%2Fv2%2Fmedia&parent=62"}],"curies":[{"name":"wp","href":"https:\/\/api.w.org\/{rel}","templated":true}]}}