{"id":66,"date":"2014-02-20T20:02:24","date_gmt":"2014-02-20T18:02:24","guid":{"rendered":"http:\/\/linnanmaa.fi\/\/?page_id=66"},"modified":"2017-01-22T23:31:50","modified_gmt":"2017-01-22T21:31:50","slug":"urheiluvalineet","status":"publish","type":"page","link":"https:\/\/linnanmaa.fi\/?page_id=66","title":{"rendered":"Urheiluv\u00e4lineet"},"content":{"rendered":"<p style=\"text-align: justify;\">Urheiluv\u00e4lineit\u00e4 lainaamme maksutta pelkk\u00e4\u00e4 panttia vastaan. Pantiksi kelpaa henkil\u00f6llisyystodistus, jonka olet valmis j\u00e4tt\u00e4m\u00e4\u00e4n v\u00e4linevastaavalle siksi aikaa, kun tavarat ovat sinulla lainassa.<\/p>\n<p style=\"text-align: justify;\"><strong>Enimm\u00e4islaina-aika on kaksi viikkoa.<\/strong> Emme halua, ett\u00e4 tavarat unohtuvat lainaajien nurkkiin py\u00f6rim\u00e4\u00e4n. Lis\u00e4aikaa saa kuitenkin pyyt\u00e4m\u00e4ll\u00e4, ellei tavaroille ole varauksia.<\/p>\n<h2 style=\"text-align: justify;\"><strong>Tiedustelut s\u00e4hk\u00f6postitse!<\/strong><\/h2>\n<p style=\"text-align: justify;\">Vastaan s\u00e4hk\u00f6posteihin vuorokauden sis\u00e4ll\u00e4. Teemme asukastoimikuntahommia oman el\u00e4m\u00e4mme, opiskelujemme ja ty\u00f6mme ohella. Sen vuoksi emme voi taata olevamme tavoitettavissa 24\/7 tai parin tunnin varoitusajalla. Varaudu siis kyselem\u00e4\u00e4n lainatavaroita hyviss\u00e4 ajoin ennen tarvetta.<\/p>\n<p style=\"text-align: justify;\">\u00c4l\u00e4 ilmaannu ovelleni ilmoittamatta. En s\u00e4ilyt\u00e4 urheiluv\u00e4lineit\u00e4 tai muutakaan lainatavaraa kotonani. Kerro minulle etuk\u00e4teen, mit\u00e4 tarvitset, niin haen sen varastosta valmiiksi.<\/p>\n<p style=\"text-align: justify;\"><strong>Tennismailah\u00e4t\u00e4tapauksia ei ole.<\/strong> Suunnittele tenniksenpeluusi etuk\u00e4teen ja kysy mailoja hyviss\u00e4 ajoin ennen kuin aiot tarvita niit\u00e4.<\/p>\n<p style=\"text-align: justify;\"><strong>Tekstiviestikyselyihin en vastaa.<\/strong><\/p>\n<h2 style=\"text-align: left;\">Lainattavat urheiluv\u00e4lineet:<\/h2>\n<p style=\"text-align: justify;\">2 beach volley -palloa<br \/>\nfrisbee<br \/>\nfrisbeegolf-kori<br \/>\ngolfpalloja<br \/>\n<span style=\"line-height: 1.5;\">jalkapallo<br \/>\n<\/span>koripallo<br \/>\n<span style=\"line-height: 1.5;\">krokettisetti<br \/>\n<\/span><span style=\"line-height: 1.5;\">lumilauta kovilla siteill\u00e4 (Tarvitset kuitenkin omat monot!)<br \/>\n<\/span><span style=\"line-height: 1.5;\">2 tennismailaa + palloja<br \/>\n<\/span><span style=\"line-height: 1.5;\">pes\u00e4pallomaila + palloja + r\u00e4pyl\u00f6it\u00e4<br \/>\n<\/span><span style=\"line-height: 1.5;\">petanque<\/span><\/p>\n<p><strong>Lainatavaroista vastaavat<\/strong><br \/>\n<em>L\u00e4het\u00e4th\u00e4n viestin kaikille vastaaville!<\/em><\/p>\n<div class=\"wrap pdb-list pdb-instance-1 participants-database\" id=\"participants-list-1\">\n    \n\n    <style type=\"text\/css\">\n    .pdb-list section {\n      margin: 1.5em 0;\n    }\n    .pdb-field-title {\n      font-weight: bold;\n      padding-right: 15px;\n    }\n    .pdb-field-title:after {\n      content: ':';\n    }\n  <\/style>\n\n  <div class=\"pdb-list list-container\" >\n\n    \n      \n\n    \n              <section id=\"record-27\">\n                                    <div class=\"pdb-field  full_name-field\" >\n                <span class=\"pdb-field-title\">Nimi<\/span>\n                <span class=\"pdb-field-data\">Kari Anunti<\/span>\n              <\/div>\n            \n                                  \n                                  \n                                  \n                  <\/section>\n              <section id=\"record-13\">\n                                    <div class=\"pdb-field  full_name-field\" >\n                <span class=\"pdb-field-title\">Nimi<\/span>\n                <span class=\"pdb-field-data\">Viljami Viinikka<\/span>\n              <\/div>\n            \n                                    <div class=\"pdb-field  email-field\" >\n                <span class=\"pdb-field-title\">S\u00e4hk\u00f6postiosoite<\/span>\n                <span class=\"pdb-field-data\">viljamivi[\u00e4t]gmail.com<\/span>\n              <\/div>\n            \n                                  \n                                  \n                  <\/section>\n      \n      <\/div>\n  <\/div>\n\n","protected":false},"excerpt":{"rendered":"<p>Urheiluv\u00e4lineit\u00e4 lainaamme maksutta pelkk\u00e4\u00e4 panttia vastaan. Pantiksi kelpaa henkil\u00f6llisyystodistus, jonka olet valmis j\u00e4tt\u00e4m\u00e4\u00e4n v\u00e4linevastaavalle siksi aikaa, kun tavarat ovat sinulla lainassa. Enimm\u00e4islaina-aika on kaksi viikkoa. Emme halua, ett\u00e4 tavarat unohtuvat lainaajien nurkkiin py\u00f6rim\u00e4\u00e4n. Lis\u00e4aikaa saa kuitenkin pyyt\u00e4m\u00e4ll\u00e4, ellei tavaroille ole varauksia. Tiedustelut s\u00e4hk\u00f6postitse! Vastaan s\u00e4hk\u00f6posteihin vuorokauden sis\u00e4ll\u00e4. Teemme asukastoimikuntahommia oman el\u00e4m\u00e4mme, opiskelujemme ja ty\u00f6mme ohella. &hellip; <a href=\"https:\/\/linnanmaa.fi\/?page_id=66\" class=\"more-link\">Jatka lukemista <span class=\"screen-reader-text\">Urheiluv\u00e4lineet<\/span> <span class=\"meta-nav\">&rarr;<\/span><\/a><\/p>\n","protected":false},"author":4,"featured_media":0,"parent":54,"menu_order":0,"comment_status":"closed","ping_status":"open","template":"","meta":{"footnotes":""},"class_list":["post-66","page","type-page","status-publish","hentry"],"_links":{"self":[{"href":"https:\/\/linnanmaa.fi\/index.php?rest_route=\/wp\/v2\/pages\/66","targetHints":{"allow":["GET"]}}],"collection":[{"href":"https:\/\/linnanmaa.fi\/index.php?rest_route=\/wp\/v2\/pages"}],"about":[{"href":"https:\/\/linnanmaa.fi\/index.php?rest_route=\/wp\/v2\/types\/page"}],"author":[{"embeddable":true,"href":"https:\/\/linnanmaa.fi\/index.php?rest_route=\/wp\/v2\/users\/4"}],"replies":[{"embeddable":true,"href":"https:\/\/linnanmaa.fi\/index.php?rest_route=%2Fwp%2Fv2%2Fcomments&post=66"}],"version-history":[{"count":17,"href":"https:\/\/linnanmaa.fi\/index.php?rest_route=\/wp\/v2\/pages\/66\/revisions"}],"predecessor-version":[{"id":521,"href":"https:\/\/linnanmaa.fi\/index.php?rest_route=\/wp\/v2\/pages\/66\/revisions\/521"}],"up":[{"embeddable":true,"href":"https:\/\/linnanmaa.fi\/index.php?rest_route=\/wp\/v2\/pages\/54"}],"wp:attachment":[{"href":"https:\/\/linnanmaa.fi\/index.php?rest_route=%2Fwp%2Fv2%2Fmedia&parent=66"}],"curies":[{"name":"wp","href":"https:\/\/api.w.org\/{rel}","templated":true}]}}