{"id":74,"date":"2014-02-20T20:10:03","date_gmt":"2014-02-20T18:10:03","guid":{"rendered":"http:\/\/linnanmaa.fi\/\/?page_id=74"},"modified":"2017-01-22T23:28:11","modified_gmt":"2017-01-22T21:28:11","slug":"lautapelit","status":"publish","type":"page","link":"https:\/\/linnanmaa.fi\/?page_id=74","title":{"rendered":"Lautapelit"},"content":{"rendered":"<p style=\"text-align: justify;\">Lautapelej\u00e4 lainaamme maksutta pelkk\u00e4\u00e4 panttia vastaan. Pantiksi kelpaa henkil\u00f6llisyystodistus, jonka olet valmis j\u00e4tt\u00e4m\u00e4\u00e4n v\u00e4linevastaavalle siksi aikaa, kun tavarat ovat sinulla lainassa.<\/p>\n<p style=\"text-align: justify;\"><strong>Enimm\u00e4islaina-aika on kaksi viikkoa.<\/strong> Emme halua, ett\u00e4 tavarat unohtuvat lainaajien nurkkiin py\u00f6rim\u00e4\u00e4n. Lis\u00e4aikaa saa kuitenkin pyyt\u00e4m\u00e4ll\u00e4, ellei tavaroille ole varauksia.<\/p>\n<h2 style=\"text-align: justify;\"><strong>Tiedustelut s\u00e4hk\u00f6postitse!<\/strong><\/h2>\n<p style=\"text-align: justify;\">Vastaan s\u00e4hk\u00f6posteihin vuorokauden sis\u00e4ll\u00e4. Teemme asukastoimikuntahommia oman el\u00e4m\u00e4mme, opiskelujemme ja ty\u00f6mme ohella. Sen vuoksi emme voi taata olevamme tavoitettavissa 24\/7 tai parin tunnin varoitusajalla. Varaudu siis kyselem\u00e4\u00e4n lainatavaroita hyviss\u00e4 ajoin ennen tarvetta.<\/p>\n<p style=\"text-align: justify;\">Jos \u00e4killinen pelintarve yll\u00e4tt\u00e4\u00e4, soittaakin voi, mutta en voi taata, ett\u00e4 vastaan tai ett\u00e4 pystyn olemaan antamassa pelej\u00e4 viel\u00e4 samalle illalle. Tekstiviestikyselyihin en vastaa lainkaan.<\/p>\n<h2 style=\"text-align: justify;\">Meill\u00e4 on seuraavanlaisia pelej\u00e4:<\/h2>\n<p><strong>Aikuisten pelit<\/strong><br \/>\n7 Wonders<br \/>\nAgricola<br \/>\nCarcassonne-peruspeli<br \/>\nCarcassonne-lis\u00e4osa Kirkot ja kievarit<br \/>\nCarcassonne-lis\u00e4osa Kirjurit ja kauppiaat<br \/>\nCarcassonne-lis\u00e4osa Lohik\u00e4\u00e4rme ja linnanneito<br \/>\nCarcassonne-lis\u00e4osa Kreivi ja kuningas<br \/>\nCarcassonne-lis\u00e4osa Basaarit ja bastionit<br \/>\nCatanin uudisasukkaat<br \/>\nEclipse<br \/>\nFluxx<br \/>\nMenolippu Eurooppa<br \/>\nMenolippu Eurooppa -lis\u00e4osa<br \/>\nModern Art<br \/>\nPandemia*<br \/>\nPower Grid<br \/>\nPuerto Rico<br \/>\nResistance: Avalon<br \/>\nResistance: Coup<br \/>\nRisk<br \/>\nRisk 2210 AD<br \/>\nSan Juan<br \/>\nShakki*<br \/>\nTalisman<br \/>\nTaru sormusten herrasta<br \/>\nT\u00e4ysk\u00e4si*<\/p>\n<p><strong>Perhepelit<\/strong><br \/>\nAfrikan t\u00e4hti Deluxe<br \/>\nBohnanza*<br \/>\nHuojuva torni<br \/>\nKimble (Nalle Puh)<br \/>\nMonopoly<br \/>\nMuuttuva labyrintti<br \/>\nOulu-peli*<br \/>\nUno<\/p>\n<p><strong>Partypelit<\/strong><br \/>\nAlias<br \/>\nAlias Metal Mania<br \/>\nApples to Apples<br \/>\nCompatibility<br \/>\nFifty shades -bilepeli*<br \/>\nHaluatko miljon\u00e4\u00e4riksi<br \/>\nImago*<br \/>\nLie Detector*<br \/>\nRappakalja<br \/>\nRiistavisa*<br \/>\nSpinergy*<br \/>\nTaboo Body Language*<br \/>\nTohtori terapia<br \/>\nTrivial Pursuit -genus-painos<br \/>\nTrivial Pursuit Globetrotter<br \/>\nTrivial Pursuit (englanninkielinen)<br \/>\nTrivial Pursuit Master<br \/>\nTuttu juttu*<br \/>\nTwister<\/p>\n<p style=\"text-align: justify;\"><em>* T\u00e4hdell\u00e4 merkityt pelit kuuluvat kerhosaunan kalustoon. Niit\u00e4 saa pyyt\u00e4\u00e4 lainaan ihan samalla tavalla kuin muitakin listan pelej\u00e4, mutta jos saunalla sattuu olemaan k\u00e4ytt\u00e4j\u00e4 juuri sill\u00e4 hetkell\u00e4, kun peli\u00e4 kysell\u00e4\u00e4n, emme voi sit\u00e4 menn\u00e4 saman tien sielt\u00e4 hakemaan. Saunalla s\u00e4ilytett\u00e4vi\u00e4 pelej\u00e4 kannattaa siis kysell\u00e4 hyviss\u00e4 ajoin ennen tarvetta. Kerhosauna on tavallisesti tyhjill\u00e4\u00e4n joka p\u00e4iv\u00e4 klo 14\u201316.<\/em><\/p>\n<p><strong>Lainatavaroista vastaavat<\/strong><br \/>\n<em>L\u00e4het\u00e4th\u00e4n viestin kaikille vastaaville!<\/em><\/p>\n<div class=\"wrap pdb-list pdb-instance-1 participants-database\" id=\"participants-list-1\">\n    \n\n    <style type=\"text\/css\">\n    .pdb-list section {\n      margin: 1.5em 0;\n    }\n    .pdb-field-title {\n      font-weight: bold;\n      padding-right: 15px;\n    }\n    .pdb-field-title:after {\n      content: ':';\n    }\n  <\/style>\n\n  <div class=\"pdb-list list-container\" >\n\n    \n      \n\n    \n              <section id=\"record-13\">\n                                    <div class=\"pdb-field  full_name-field\" >\n                <span class=\"pdb-field-title\">Nimi<\/span>\n                <span class=\"pdb-field-data\">Viljami Viinikka<\/span>\n              <\/div>\n            \n                                    <div class=\"pdb-field  email-field\" >\n                <span class=\"pdb-field-title\">S\u00e4hk\u00f6postiosoite<\/span>\n                <span class=\"pdb-field-data\">viljamivi[\u00e4t]gmail.com<\/span>\n              <\/div>\n            \n                                  \n                                  \n                  <\/section>\n      \n      <\/div>\n  <\/div>\n\n","protected":false},"excerpt":{"rendered":"<p>Lautapelej\u00e4 lainaamme maksutta pelkk\u00e4\u00e4 panttia vastaan. Pantiksi kelpaa henkil\u00f6llisyystodistus, jonka olet valmis j\u00e4tt\u00e4m\u00e4\u00e4n v\u00e4linevastaavalle siksi aikaa, kun tavarat ovat sinulla lainassa. Enimm\u00e4islaina-aika on kaksi viikkoa. Emme halua, ett\u00e4 tavarat unohtuvat lainaajien nurkkiin py\u00f6rim\u00e4\u00e4n. Lis\u00e4aikaa saa kuitenkin pyyt\u00e4m\u00e4ll\u00e4, ellei tavaroille ole varauksia. Tiedustelut s\u00e4hk\u00f6postitse! Vastaan s\u00e4hk\u00f6posteihin vuorokauden sis\u00e4ll\u00e4. Teemme asukastoimikuntahommia oman el\u00e4m\u00e4mme, opiskelujemme ja ty\u00f6mme ohella. &hellip; <a href=\"https:\/\/linnanmaa.fi\/?page_id=74\" class=\"more-link\">Jatka lukemista <span class=\"screen-reader-text\">Lautapelit<\/span> <span class=\"meta-nav\">&rarr;<\/span><\/a><\/p>\n","protected":false},"author":4,"featured_media":0,"parent":54,"menu_order":0,"comment_status":"closed","ping_status":"open","template":"","meta":{"footnotes":""},"class_list":["post-74","page","type-page","status-publish","hentry"],"_links":{"self":[{"href":"https:\/\/linnanmaa.fi\/index.php?rest_route=\/wp\/v2\/pages\/74","targetHints":{"allow":["GET"]}}],"collection":[{"href":"https:\/\/linnanmaa.fi\/index.php?rest_route=\/wp\/v2\/pages"}],"about":[{"href":"https:\/\/linnanmaa.fi\/index.php?rest_route=\/wp\/v2\/types\/page"}],"author":[{"embeddable":true,"href":"https:\/\/linnanmaa.fi\/index.php?rest_route=\/wp\/v2\/users\/4"}],"replies":[{"embeddable":true,"href":"https:\/\/linnanmaa.fi\/index.php?rest_route=%2Fwp%2Fv2%2Fcomments&post=74"}],"version-history":[{"count":17,"href":"https:\/\/linnanmaa.fi\/index.php?rest_route=\/wp\/v2\/pages\/74\/revisions"}],"predecessor-version":[{"id":517,"href":"https:\/\/linnanmaa.fi\/index.php?rest_route=\/wp\/v2\/pages\/74\/revisions\/517"}],"up":[{"embeddable":true,"href":"https:\/\/linnanmaa.fi\/index.php?rest_route=\/wp\/v2\/pages\/54"}],"wp:attachment":[{"href":"https:\/\/linnanmaa.fi\/index.php?rest_route=%2Fwp%2Fv2%2Fmedia&parent=74"}],"curies":[{"name":"wp","href":"https:\/\/api.w.org\/{rel}","templated":true}]}}