{"id":83,"date":"2014-02-20T20:49:17","date_gmt":"2014-02-20T18:49:17","guid":{"rendered":"http:\/\/linnanmaa.fi\/\/?page_id=83"},"modified":"2017-01-21T15:39:31","modified_gmt":"2017-01-21T13:39:31","slug":"kokoukset","status":"publish","type":"page","link":"https:\/\/linnanmaa.fi\/?page_id=83","title":{"rendered":"Kokoukset"},"content":{"rendered":"<p style=\"text-align: justify;\">Linnanmaan asukastoimikunta kokoustaa kerran kuukaudessa. Kokoukset pidet\u00e4\u00e4n Yliopistokatu 40:n kerhosaunalla. Kokousajasta ilmoitetaan asukastoimikunnan Facebook-sivulla \u2013 kannattaa siis seurata sit\u00e4!<\/p>\n<p style=\"text-align: justify;\">Kokoukset ovat avoimia kaikille Linnanmaan asukkaille. Paikalle voi tulla, vaikka mit\u00e4\u00e4n varsinaista asiaa ei olisikaan. Osallistujille on tarjolla jotakin pient\u00e4 naposteltavaa.<\/p>\n<p style=\"text-align: justify;\">Asukastoimikunnan kokouksissa \u00e4\u00e4nivaltaisia ovat vain asukastoimikunnan j\u00e4senet. Kerran vuodessa j\u00e4rjestett\u00e4v\u00e4ss\u00e4 asukaskokouksessa muutkin asukkaat p\u00e4\u00e4set k\u00e4ytt\u00e4m\u00e4\u00e4n \u00e4\u00e4nioikeuttaan ja vaikuttamaan seuraavan vuoden asukastoimikunnan kokoonpanoon.<\/p>\n","protected":false},"excerpt":{"rendered":"<p>Linnanmaan asukastoimikunta kokoustaa kerran kuukaudessa. Kokoukset pidet\u00e4\u00e4n Yliopistokatu 40:n kerhosaunalla. Kokousajasta ilmoitetaan asukastoimikunnan Facebook-sivulla \u2013 kannattaa siis seurata sit\u00e4! Kokoukset ovat avoimia kaikille Linnanmaan asukkaille. Paikalle voi tulla, vaikka mit\u00e4\u00e4n varsinaista asiaa ei olisikaan. Osallistujille on tarjolla jotakin pient\u00e4 naposteltavaa. Asukastoimikunnan kokouksissa \u00e4\u00e4nivaltaisia ovat vain asukastoimikunnan j\u00e4senet. Kerran vuodessa j\u00e4rjestett\u00e4v\u00e4ss\u00e4 asukaskokouksessa muutkin asukkaat p\u00e4\u00e4set k\u00e4ytt\u00e4m\u00e4\u00e4n &hellip; <a href=\"https:\/\/linnanmaa.fi\/?page_id=83\" class=\"more-link\">Jatka lukemista <span class=\"screen-reader-text\">Kokoukset<\/span> <span class=\"meta-nav\">&rarr;<\/span><\/a><\/p>\n","protected":false},"author":4,"featured_media":0,"parent":2,"menu_order":1,"comment_status":"closed","ping_status":"open","template":"","meta":{"footnotes":""},"class_list":["post-83","page","type-page","status-publish","hentry"],"_links":{"self":[{"href":"https:\/\/linnanmaa.fi\/index.php?rest_route=\/wp\/v2\/pages\/83","targetHints":{"allow":["GET"]}}],"collection":[{"href":"https:\/\/linnanmaa.fi\/index.php?rest_route=\/wp\/v2\/pages"}],"about":[{"href":"https:\/\/linnanmaa.fi\/index.php?rest_route=\/wp\/v2\/types\/page"}],"author":[{"embeddable":true,"href":"https:\/\/linnanmaa.fi\/index.php?rest_route=\/wp\/v2\/users\/4"}],"replies":[{"embeddable":true,"href":"https:\/\/linnanmaa.fi\/index.php?rest_route=%2Fwp%2Fv2%2Fcomments&post=83"}],"version-history":[{"count":2,"href":"https:\/\/linnanmaa.fi\/index.php?rest_route=\/wp\/v2\/pages\/83\/revisions"}],"predecessor-version":[{"id":213,"href":"https:\/\/linnanmaa.fi\/index.php?rest_route=\/wp\/v2\/pages\/83\/revisions\/213"}],"up":[{"embeddable":true,"href":"https:\/\/linnanmaa.fi\/index.php?rest_route=\/wp\/v2\/pages\/2"}],"wp:attachment":[{"href":"https:\/\/linnanmaa.fi\/index.php?rest_route=%2Fwp%2Fv2%2Fmedia&parent=83"}],"curies":[{"name":"wp","href":"https:\/\/api.w.org\/{rel}","templated":true}]}}