{"id":85,"date":"2014-02-20T20:49:39","date_gmt":"2014-02-20T18:49:39","guid":{"rendered":"http:\/\/linnanmaa.fi\/\/?page_id=85"},"modified":"2022-11-21T12:31:30","modified_gmt":"2022-11-21T10:31:30","slug":"poytakirjat","status":"publish","type":"page","link":"https:\/\/linnanmaa.fi\/?page_id=85","title":{"rendered":"P\u00f6yt\u00e4kirjat"},"content":{"rendered":"<p>P\u00f6yt\u00e4kirjoja ei ole t\u00e4ll\u00e4 hetkell\u00e4 julkaistuna.<\/p>\n","protected":false},"excerpt":{"rendered":"<p>P\u00f6yt\u00e4kirjoja ei ole t\u00e4ll\u00e4 hetkell\u00e4 julkaistuna.<\/p>\n","protected":false},"author":4,"featured_media":0,"parent":2,"menu_order":2,"comment_status":"closed","ping_status":"open","template":"","meta":{"footnotes":""},"class_list":["post-85","page","type-page","status-publish","hentry"],"_links":{"self":[{"href":"https:\/\/linnanmaa.fi\/index.php?rest_route=\/wp\/v2\/pages\/85","targetHints":{"allow":["GET"]}}],"collection":[{"href":"https:\/\/linnanmaa.fi\/index.php?rest_route=\/wp\/v2\/pages"}],"about":[{"href":"https:\/\/linnanmaa.fi\/index.php?rest_route=\/wp\/v2\/types\/page"}],"author":[{"embeddable":true,"href":"https:\/\/linnanmaa.fi\/index.php?rest_route=\/wp\/v2\/users\/4"}],"replies":[{"embeddable":true,"href":"https:\/\/linnanmaa.fi\/index.php?rest_route=%2Fwp%2Fv2%2Fcomments&post=85"}],"version-history":[{"count":4,"href":"https:\/\/linnanmaa.fi\/index.php?rest_route=\/wp\/v2\/pages\/85\/revisions"}],"predecessor-version":[{"id":678,"href":"https:\/\/linnanmaa.fi\/index.php?rest_route=\/wp\/v2\/pages\/85\/revisions\/678"}],"up":[{"embeddable":true,"href":"https:\/\/linnanmaa.fi\/index.php?rest_route=\/wp\/v2\/pages\/2"}],"wp:attachment":[{"href":"https:\/\/linnanmaa.fi\/index.php?rest_route=%2Fwp%2Fv2%2Fmedia&parent=85"}],"curies":[{"name":"wp","href":"https:\/\/api.w.org\/{rel}","templated":true}]}}